{"id":438,"date":"2023-11-18T13:04:48","date_gmt":"2023-11-18T16:04:48","guid":{"rendered":"https:\/\/via-austroboreal.de\/?page_id=438"},"modified":"2024-01-20T17:16:31","modified_gmt":"2024-01-20T20:16:31","slug":"datenschutz","status":"publish","type":"page","link":"https:\/\/via-austroboreal.de\/de\/datenschutz\/","title":{"rendered":"Datenschutz"},"content":{"rendered":"<div data-elementor-type=\"wp-page\" data-elementor-id=\"438\" class=\"elementor elementor-438\">\n\t\t\t\t\t\t<section class=\"elementor-section elementor-top-section elementor-element elementor-element-a9c358c elementor-section-boxed elementor-section-height-default elementor-section-height-default\" data-id=\"a9c358c\" data-element_type=\"section\" data-e-type=\"section\" data-settings=\"{&quot;background_background&quot;:&quot;classic&quot;}\">\n\t\t\t\t\t\t<div class=\"elementor-container elementor-column-gap-default\">\n\t\t\t\t\t<div class=\"elementor-column elementor-col-100 elementor-top-column elementor-element elementor-element-03429ea\" data-id=\"03429ea\" data-element_type=\"column\" data-e-type=\"column\">\n\t\t\t<div class=\"elementor-widget-wrap elementor-element-populated\">\n\t\t\t\t\t\t<div class=\"elementor-element elementor-element-f5fc54b elementor-widget elementor-widget-heading\" data-id=\"f5fc54b\" data-element_type=\"widget\" data-e-type=\"widget\" data-widget_type=\"heading.default\">\n\t\t\t\t<div class=\"elementor-widget-container\">\n\t\t\t\t\t<h2 class=\"elementor-heading-title elementor-size-default\">Datenschutz<\/h2>\t\t\t\t<\/div>\n\t\t\t\t<\/div>\n\t\t\t\t<div class=\"elementor-element elementor-element-264c51a elementor-widget elementor-widget-text-editor\" data-id=\"264c51a\" data-element_type=\"widget\" data-e-type=\"widget\" data-widget_type=\"text-editor.default\">\n\t\t\t\t<div class=\"elementor-widget-container\">\n\t\t\t\t\t\t\t\t\t<div title=\"Page 2\">\n<div title=\"Page 3\">\n<span style=\"font-weight:normal;\"><p dir=\"ltr\" style=\"line-height:1.38;margin-top:0pt;margin-bottom:0pt;\"><span style=\"font-size: 11pt; font-family: Arial, sans-serif; background-color: transparent; font-weight: 400; font-style: normal; font-variant: normal; white-space-collapse: preserve;\">Die Datenschutzerkl\u00e4rung<\/span><\/p><br><p dir=\"ltr\" style=\"line-height:1.38;margin-top:0pt;margin-bottom:0pt;\"><span style=\"font-size: 11pt; font-family: Arial, sans-serif; background-color: transparent; font-weight: 400; font-style: normal; font-variant: normal; white-space-collapse: preserve;\">Mit der Datenschutzerkl\u00e4rung verh\u00e4lt es sich \u00e4hnlich wie mit der Impressumspflicht: Webseitenbetreiber sind verpflichtet, Informationen \u00fcber die sich selbst und ihre Inhalte bereitzustellen. Dabei sollte \u00fcber<\/span><\/p><br><p dir=\"ltr\" style=\"line-height:1.38;margin-top:0pt;margin-bottom:0pt;\"><span style=\"font-size: 11pt; font-family: Arial, sans-serif; background-color: transparent; font-weight: 400; font-style: normal; font-variant: normal; white-space-collapse: preserve;\">&nbsp;&nbsp;&nbsp;&nbsp;Art<\/span><\/p><p dir=\"ltr\" style=\"line-height:1.38;margin-top:0pt;margin-bottom:0pt;\"><span style=\"font-size: 11pt; font-family: Arial, sans-serif; background-color: transparent; font-weight: 400; font-style: normal; font-variant: normal; white-space-collapse: preserve;\">&nbsp;&nbsp;&nbsp;&nbsp;Umfang<\/span><\/p><p dir=\"ltr\" style=\"line-height:1.38;margin-top:0pt;margin-bottom:0pt;\"><span style=\"font-size: 11pt; font-family: Arial, sans-serif; background-color: transparent; font-weight: 400; font-style: normal; font-variant: normal; white-space-collapse: preserve;\">&nbsp;&nbsp;&nbsp;&nbsp;Zweck<\/span><\/p><br><p dir=\"ltr\" style=\"line-height:1.38;margin-top:0pt;margin-bottom:0pt;\"><span style=\"font-size: 11pt; font-family: Arial, sans-serif; background-color: transparent; font-weight: 400; font-style: normal; font-variant: normal; white-space-collapse: preserve;\">der Erhebung der Daten sowie \u00fcber die Verwendung der personenbezogenen Daten informiert werden. Dabei sollte die Rechtsgrundlage genannt und auf die Rechte der betroffenen Person hingewiesen werden.<\/span><\/p><br><p dir=\"ltr\" style=\"line-height:1.38;margin-top:0pt;margin-bottom:0pt;\"><span style=\"font-size: 11pt; font-family: Arial, sans-serif; background-color: transparent; font-weight: 400; font-style: normal; font-variant: normal; white-space-collapse: preserve;\">Diese sind:<\/span><\/p><br><p dir=\"ltr\" style=\"line-height:1.38;margin-top:0pt;margin-bottom:0pt;\"><span style=\"font-size: 11pt; font-family: Arial, sans-serif; background-color: transparent; font-weight: 400; font-style: normal; font-variant: normal; white-space-collapse: preserve;\">&nbsp;&nbsp;&nbsp;&nbsp;Das Widerspruchs- und Widerrufsrecht<\/span><\/p><p dir=\"ltr\" style=\"line-height:1.38;margin-top:0pt;margin-bottom:0pt;\"><span style=\"font-size: 11pt; font-family: Arial, sans-serif; background-color: transparent; font-weight: 400; font-style: normal; font-variant: normal; white-space-collapse: preserve;\">&nbsp;&nbsp;&nbsp;&nbsp;Recht auf Auskunft<\/span><\/p><p dir=\"ltr\" style=\"line-height:1.38;margin-top:0pt;margin-bottom:0pt;\"><span style=\"font-size: 11pt; font-family: Arial, sans-serif; background-color: transparent; font-weight: 400; font-style: normal; font-variant: normal; white-space-collapse: preserve;\">&nbsp;&nbsp;&nbsp;&nbsp;Recht auf Korrektur oder L\u00f6schung der Nutzerdaten<\/span><\/p><p dir=\"ltr\" style=\"line-height:1.38;margin-top:0pt;margin-bottom:0pt;\"><span style=\"font-size: 11pt; font-family: Arial, sans-serif; background-color: transparent; font-weight: 400; font-style: normal; font-variant: normal; white-space-collapse: preserve;\">&nbsp;&nbsp;&nbsp;&nbsp;Beschwerderecht bei Aufsichtsbeh\u00f6rden<\/span><\/p><p dir=\"ltr\" style=\"line-height:1.38;margin-top:0pt;margin-bottom:0pt;\"><span style=\"font-size: 11pt; font-family: Arial, sans-serif; background-color: transparent; font-weight: 400; font-style: normal; font-variant: normal; white-space-collapse: preserve;\">&nbsp;&nbsp;&nbsp;&nbsp;Recht auf Daten\u00fcbertragbarkeit<\/span><\/p><br><p dir=\"ltr\" style=\"line-height:1.38;margin-top:0pt;margin-bottom:0pt;\"><span style=\"font-size: 11pt; font-family: Arial, sans-serif; background-color: transparent; font-weight: 400; font-style: normal; font-variant: normal; white-space-collapse: preserve;\">Au\u00dferdem sollten die Nutzer dar\u00fcber informiert werden, wie lange und wof\u00fcr ihre Daten gespeichert werden. Dazu sollten \u2013 wenn vorhanden \u2013 die Kontaktdaten des Datenschutzbeauftragten aufgef\u00fchrt werden. Die Datenschutzerkl\u00e4rung sollte dabei wieder leicht verst\u00e4ndlich und zug\u00e4nglich sein. Eine fehlerhafte oder unvollst\u00e4ndige Datenschutzerkl\u00e4rung kann zu Abmahnungen oder Bu\u00dfgeldern f\u00fchren.<\/span><\/p><br><p dir=\"ltr\" style=\"line-height:1.38;margin-top:0pt;margin-bottom:0pt;\"><span style=\"font-size: 11pt; font-family: Arial, sans-serif; background-color: transparent; font-weight: 400; font-style: normal; font-variant: normal; white-space-collapse: preserve;\">Die activeMindAG bietet zu diesem Zweck einen Generator, der \u00e4hnlich wie bei dem Impressumsgenerator mit Ihren Webseiten-Daten eine DSGVO konforme Datenschutzerkl\u00e4rung generiert.<\/span><\/p><br><p dir=\"ltr\" style=\"line-height:1.38;margin-top:0pt;margin-bottom:0pt;\"><span style=\"font-size: 11pt; font-family: Arial, sans-serif; background-color: transparent; font-weight: 400; font-style: normal; font-variant: normal; white-space-collapse: preserve;\">Zusammenfassend sollten also die Rechte der Nutzer und Informationen \u00fcber die Nutzung ihrer Daten in Ihrer Datenschutzerkl\u00e4rung aufgef\u00fchrt sein!<\/span><\/p><\/span>\n<\/div>\n<\/div>\t\t\t\t\t\t\t\t<\/div>\n\t\t\t\t<\/div>\n\t\t\t\t<div class=\"elementor-element elementor-element-def5f21 elementor-widget__width-initial elementor-align-center elementor-widget-mobile__width-inherit elementor-widget elementor-widget-button\" data-id=\"def5f21\" data-element_type=\"widget\" data-e-type=\"widget\" data-widget_type=\"button.default\">\n\t\t\t\t<div class=\"elementor-widget-container\">\n\t\t\t\t\t\t\t\t\t<div class=\"elementor-button-wrapper\">\n\t\t\t\t\t<a class=\"elementor-button elementor-button-link elementor-size-xs\" href=\"https:\/\/via-austroboreal.de\/de\/\">\n\t\t\t\t\t\t<span class=\"elementor-button-content-wrapper\">\n\t\t\t\t\t\t\t\t\t<span class=\"elementor-button-text\">Back to home<\/span>\n\t\t\t\t\t<\/span>\n\t\t\t\t\t<\/a>\n\t\t\t\t<\/div>\n\t\t\t\t\t\t\t\t<\/div>\n\t\t\t\t<\/div>\n\t\t\t\t\t<\/div>\n\t\t<\/div>\n\t\t\t\t\t<\/div>\n\t\t<\/section>\n\t\t\t\t<\/div>","protected":false},"excerpt":{"rendered":"<p>Datenschutz Die Datenschutzerkl\u00e4rung Mit der Datenschutzerkl\u00e4rung verh\u00e4lt es sich \u00e4hnlich wie mit der Impressumspflicht: Webseitenbetreiber sind verpflichtet, Informationen \u00fcber die sich selbst und ihre Inhalte bereitzustellen. Dabei sollte \u00fcber &nbsp;&nbsp;&nbsp;&nbsp;Art &nbsp;&nbsp;&nbsp;&nbsp;Umfang &nbsp;&nbsp;&nbsp;&nbsp;Zweck der Erhebung der Daten sowie \u00fcber die Verwendung der personenbezogenen Daten informiert werden. Dabei sollte die Rechtsgrundlage genannt und auf die Rechte der [&hellip;]<\/p>\n","protected":false},"author":1,"featured_media":0,"parent":0,"menu_order":0,"comment_status":"closed","ping_status":"closed","template":"","meta":{"ocean_post_layout":"","ocean_both_sidebars_style":"","ocean_both_sidebars_content_width":0,"ocean_both_sidebars_sidebars_width":0,"ocean_sidebar":"","ocean_second_sidebar":"","ocean_disable_margins":"enable","ocean_add_body_class":"","ocean_shortcode_before_top_bar":"","ocean_shortcode_after_top_bar":"","ocean_shortcode_before_header":"","ocean_shortcode_after_header":"","ocean_has_shortcode":"","ocean_shortcode_after_title":"","ocean_shortcode_before_footer_widgets":"","ocean_shortcode_after_footer_widgets":"","ocean_shortcode_before_footer_bottom":"","ocean_shortcode_after_footer_bottom":"","ocean_display_top_bar":"default","ocean_display_header":"default","ocean_header_style":"","ocean_center_header_left_menu":"","ocean_custom_header_template":"","ocean_custom_logo":0,"ocean_custom_retina_logo":0,"ocean_custom_logo_max_width":0,"ocean_custom_logo_tablet_max_width":0,"ocean_custom_logo_mobile_max_width":0,"ocean_custom_logo_max_height":0,"ocean_custom_logo_tablet_max_height":0,"ocean_custom_logo_mobile_max_height":0,"ocean_header_custom_menu":"","ocean_menu_typo_font_family":"","ocean_menu_typo_font_subset":"","ocean_menu_typo_font_size":0,"ocean_menu_typo_font_size_tablet":0,"ocean_menu_typo_font_size_mobile":0,"ocean_menu_typo_font_size_unit":"px","ocean_menu_typo_font_weight":"","ocean_menu_typo_font_weight_tablet":"","ocean_menu_typo_font_weight_mobile":"","ocean_menu_typo_transform":"","ocean_menu_typo_transform_tablet":"","ocean_menu_typo_transform_mobile":"","ocean_menu_typo_line_height":0,"ocean_menu_typo_line_height_tablet":0,"ocean_menu_typo_line_height_mobile":0,"ocean_menu_typo_line_height_unit":"","ocean_menu_typo_spacing":0,"ocean_menu_typo_spacing_tablet":0,"ocean_menu_typo_spacing_mobile":0,"ocean_menu_typo_spacing_unit":"","ocean_menu_link_color":"","ocean_menu_link_color_hover":"","ocean_menu_link_color_active":"","ocean_menu_link_background":"","ocean_menu_link_hover_background":"","ocean_menu_link_active_background":"","ocean_menu_social_links_bg":"","ocean_menu_social_hover_links_bg":"","ocean_menu_social_links_color":"","ocean_menu_social_hover_links_color":"","ocean_disable_title":"default","ocean_disable_heading":"default","ocean_post_title":"","ocean_post_subheading":"","ocean_post_title_style":"","ocean_post_title_background_color":"","ocean_post_title_background":0,"ocean_post_title_bg_image_position":"","ocean_post_title_bg_image_attachment":"","ocean_post_title_bg_image_repeat":"","ocean_post_title_bg_image_size":"","ocean_post_title_height":0,"ocean_post_title_bg_overlay":0.5,"ocean_post_title_bg_overlay_color":"","ocean_disable_breadcrumbs":"default","ocean_breadcrumbs_color":"","ocean_breadcrumbs_separator_color":"","ocean_breadcrumbs_links_color":"","ocean_breadcrumbs_links_hover_color":"","ocean_display_footer_widgets":"default","ocean_display_footer_bottom":"default","ocean_custom_footer_template":"","footnotes":""},"class_list":["post-438","page","type-page","status-publish","hentry","entry"],"_links":{"self":[{"href":"https:\/\/via-austroboreal.de\/de\/wp-json\/wp\/v2\/pages\/438","targetHints":{"allow":["GET"]}}],"collection":[{"href":"https:\/\/via-austroboreal.de\/de\/wp-json\/wp\/v2\/pages"}],"about":[{"href":"https:\/\/via-austroboreal.de\/de\/wp-json\/wp\/v2\/types\/page"}],"author":[{"embeddable":true,"href":"https:\/\/via-austroboreal.de\/de\/wp-json\/wp\/v2\/users\/1"}],"replies":[{"embeddable":true,"href":"https:\/\/via-austroboreal.de\/de\/wp-json\/wp\/v2\/comments?post=438"}],"version-history":[{"count":28,"href":"https:\/\/via-austroboreal.de\/de\/wp-json\/wp\/v2\/pages\/438\/revisions"}],"predecessor-version":[{"id":627,"href":"https:\/\/via-austroboreal.de\/de\/wp-json\/wp\/v2\/pages\/438\/revisions\/627"}],"wp:attachment":[{"href":"https:\/\/via-austroboreal.de\/de\/wp-json\/wp\/v2\/media?parent=438"}],"curies":[{"name":"wp","href":"https:\/\/api.w.org\/{rel}","templated":true}]}}